{"id":658,"date":"2022-07-31T17:36:27","date_gmt":"2022-07-31T15:36:27","guid":{"rendered":"https:\/\/kerampont.com\/?page_id=658"},"modified":"2026-04-10T10:54:54","modified_gmt":"2026-04-10T08:54:54","slug":"evenements","status":"publish","type":"page","link":"https:\/\/kerampont.com\/index.php\/evenements\/","title":{"rendered":"Ev\u00e9nements"},"content":{"rendered":"\n<p>Retrouvez le programme de nos \u00e9v\u00e9nements \u00e0 venir ci-dessous. <\/p>\n\n\n\n<figure class=\"wp-block-image size-large\"><a href=\"https:\/\/kerampont.com\/wp-content\/uploads\/2026\/04\/avril-26-gg.png\"><img loading=\"lazy\" width=\"1024\" height=\"724\" src=\"https:\/\/kerampont.com\/wp-content\/uploads\/2026\/04\/avril-26-gg-1024x724.png\" alt=\"\" class=\"wp-image-1035\" srcset=\"https:\/\/kerampont.com\/wp-content\/uploads\/2026\/04\/avril-26-gg-1024x724.png 1024w, https:\/\/kerampont.com\/wp-content\/uploads\/2026\/04\/avril-26-gg-300x212.png 300w, https:\/\/kerampont.com\/wp-content\/uploads\/2026\/04\/avril-26-gg-768x543.png 768w, https:\/\/kerampont.com\/wp-content\/uploads\/2026\/04\/avril-26-gg-1536x1086.png 1536w, https:\/\/kerampont.com\/wp-content\/uploads\/2026\/04\/avril-26-gg.png 2000w\" sizes=\"(max-width: 767px) 89vw, (max-width: 1000px) 54vw, (max-width: 1071px) 543px, 580px\" \/><\/a><\/figure>\n\n\n\n<p><\/p>\n","protected":false},"excerpt":{"rendered":"<p>Retrouvez le programme de nos \u00e9v\u00e9nements \u00e0 venir ci-dessous.<\/p>\n","protected":false},"author":1,"featured_media":0,"parent":0,"menu_order":0,"comment_status":"closed","ping_status":"closed","template":"","meta":[],"_links":{"self":[{"href":"https:\/\/kerampont.com\/index.php\/wp-json\/wp\/v2\/pages\/658"}],"collection":[{"href":"https:\/\/kerampont.com\/index.php\/wp-json\/wp\/v2\/pages"}],"about":[{"href":"https:\/\/kerampont.com\/index.php\/wp-json\/wp\/v2\/types\/page"}],"author":[{"embeddable":true,"href":"https:\/\/kerampont.com\/index.php\/wp-json\/wp\/v2\/users\/1"}],"replies":[{"embeddable":true,"href":"https:\/\/kerampont.com\/index.php\/wp-json\/wp\/v2\/comments?post=658"}],"version-history":[{"count":78,"href":"https:\/\/kerampont.com\/index.php\/wp-json\/wp\/v2\/pages\/658\/revisions"}],"predecessor-version":[{"id":1036,"href":"https:\/\/kerampont.com\/index.php\/wp-json\/wp\/v2\/pages\/658\/revisions\/1036"}],"wp:attachment":[{"href":"https:\/\/kerampont.com\/index.php\/wp-json\/wp\/v2\/media?parent=658"}],"curies":[{"name":"wp","href":"https:\/\/api.w.org\/{rel}","templated":true}]}}