{"id":528,"date":"2022-02-21T10:52:24","date_gmt":"2022-02-21T09:52:24","guid":{"rendered":"http:\/\/kerampont.com\/?page_id=528"},"modified":"2025-12-11T14:43:39","modified_gmt":"2025-12-11T13:43:39","slug":"services","status":"publish","type":"page","link":"https:\/\/kerampont.com\/index.php\/services\/","title":{"rendered":"SERVICES"},"content":{"rendered":"\n<h1><strong>Futs<\/strong><\/h1>\n\n\n\n<p>Nos bi\u00e8res Hillig (blonde) et Ebrel (rousse) sont disponibles a peu pr\u00e8s toute l&rsquo;ann\u00e9e et nous pouvons vous pr\u00eater une tireuse pour vos \u00e9v\u00e8nements.<\/p>\n\n\n\n<p>Les futs <strong>pour les particuliers<\/strong> sont \u00e0 85\u20ac le fut de 20L de blonde. 90\u20ac pour les autres. La location de la tireuse est offerte \u00e0 partir de 2 f\u00fbts consomm\u00e9s, sauf si c&rsquo;est la tireuse-pro (pour les \u00e9v\u00e9nements de plus de 200 personnes). Pour les assos et pros c&rsquo;est 75\u20ac et 90\u20ac TTC les f\u00fbts.<\/p>\n\n\n\n<p>Un barnum est dispo \u00e0 la location \u00e9galement. 50\u20ac pour le weekend.<\/p>\n\n\n\n<p>Notre stock \u00e9tant limit\u00e9, r\u00e9servez vos f\u00fbts quelques semaines avant l&rsquo;\u00e9v\u00e9nement dans l&rsquo;id\u00e9al !<\/p>\n\n\n\n<h1><strong>Visites<\/strong><\/h1>\n\n\n\n<p><strong>Particuliers<\/strong> : Venez visiter la brasserie et d\u00e9couvrir la fabrication de la bi\u00e8re.<\/p>\n\n\n\n<p>Les visites ont lieu <strong>le mardi \u00e0 17h<\/strong> et durent environ 1h, d\u00e9gustation inclue. Tarif : 6\u20ac \/ adulte.<\/p>\n\n\n\n<p>R\u00e9servation <a href=\"https:\/\/www.bretagne-cotedegranitrose.com\/mon-sejour\/visites-et-decouvertes\/les-visites-dentreprises\/brasserie-artisanale-de-kerampont\/\">sur le site de l&rsquo;office de tourisme ici<\/a>. Les visites sont ouvertes sur les vacances scolaires d&rsquo;avril, d&rsquo;octobre et d&rsquo;\u00e9t\u00e9.<\/p>\n\n\n\n<p><strong>Groupes<\/strong> : Nous proposons plusieurs formules de groupe en fonction du temps que vous avez \u00e0 votre disposition. Visite, d\u00e9gustation, moment d&rsquo;\u00e9change, possible en semaine, weekend ou soir\u00e9es suivant nos disponibilit\u00e9s.<\/p>\n\n\n\n<p>Accueil PMR possible.<\/p>\n\n\n\n<h2><strong>Soir\u00e9e d\u00e9gustation : initiation \u00e0 la zythologie<\/strong><\/h2>\n\n\n\n<p>Nous proposons des soir\u00e9es d&rsquo;initiation \u00e0 la zythologie avec visite et d\u00e9gustation (2h). Une belle fa\u00e7on de rencontrer l&rsquo;univers de la bi\u00e8re. <\/p>\n\n\n\n<div class=\"wp-container-4 wp-block-columns\">\n<div class=\"wp-container-1 wp-block-column\" style=\"flex-basis:33.33%\">\n<figure class=\"wp-block-image size-large\"><img loading=\"lazy\" width=\"724\" height=\"1024\" src=\"https:\/\/kerampont.com\/wp-content\/uploads\/2024\/12\/atelier-zythologie-724x1024.png\" alt=\"\" class=\"wp-image-919\" srcset=\"https:\/\/kerampont.com\/wp-content\/uploads\/2024\/12\/atelier-zythologie-724x1024.png 724w, https:\/\/kerampont.com\/wp-content\/uploads\/2024\/12\/atelier-zythologie-212x300.png 212w, https:\/\/kerampont.com\/wp-content\/uploads\/2024\/12\/atelier-zythologie-768x1086.png 768w, https:\/\/kerampont.com\/wp-content\/uploads\/2024\/12\/atelier-zythologie-1086x1536.png 1086w, https:\/\/kerampont.com\/wp-content\/uploads\/2024\/12\/atelier-zythologie.png 1414w\" sizes=\"(max-width: 724px) 100vw, 724px\" \/><\/figure>\n<\/div>\n\n\n\n<div class=\"wp-container-3 wp-block-column\" style=\"flex-basis:66.66%\">\n<p>A offrir ou \u00e0 s&rsquo;offrir \ud83d\ude09<\/p>\n\n\n\n<p>Les prochaines dates seront propos\u00e9es en janvier 2026. Vous pouvez d\u00e9j\u00e0 r\u00e9server des ateliers.<\/p>\n\n\n\n<div class=\"wp-container-2 wp-block-buttons\">\n<div class=\"wp-block-button\"><a class=\"wp-block-button__link\" href=\"https:\/\/forms.gle\/vN9ahgXGtSpPkSXH8\">R\u00e9server un atelier !<\/a><\/div>\n<\/div>\n<\/div>\n<\/div>\n\n\n\n<h1><strong>Journ\u00e9e de brassage<\/strong><\/h1>\n\n\n\n<p>Venez apprendre les bases du brassage avec l&rsquo;\u00e9quipe BK.&nbsp; Apr\u00e8s un peu de th\u00e9orie, nous brasserons ensemble une de nos bi\u00e8res. L&rsquo;occasion de partager un moment convivial et d&rsquo;enrichir vos connaissances du monde de la bi\u00e8re.&nbsp; Journ\u00e9e compl\u00e8te, repas inclus.&nbsp; <span style=\"font-size: 1rem;\">Tarif 95\u20ac.<\/span> Les journ\u00e9es de brassage se font en semaine uniquement.<\/p>\n\n\n\n<div class=\"wp-container-5 wp-block-buttons\">\n<div class=\"wp-block-button\"><a class=\"wp-block-button__link\" href=\"https:\/\/docs.google.com\/forms\/d\/e\/1FAIpQLSfpSqlSEyI5zhq7NUMev4dnL1DbHVbnDrYdc5S-JICnmJ7BKw\/viewform?usp=header\">Inscription et r\u00e9servation<\/a><\/div>\n<\/div>\n\n\n\n<h1><strong>Brassage \u00e0 fa\u00e7on<\/strong><\/h1>\n\n\n\n<p>Entreprises, associations : Nous proposons de r\u00e9aliser votre propre bi\u00e8re pour des volumes compris entre 200L et 1000L. Nous pouvons \u00e9laborer ensemble votre recette.<\/p>\n\n\n\n<h1><strong>Envie de brasser ?<\/strong> <strong>Ingr\u00e9dients et id\u00e9es<\/strong><\/h1>\n\n\n\n<p>Nous proposons du malt, des houblons et de la levure pour les adeptes et d\u00e9butant.e.s du brassage amateur ! N&rsquo;h\u00e9sitez pas \u00e0 venir papoter avec nous pour \u00e9changer quelques astuces.<\/p>\n","protected":false},"excerpt":{"rendered":"<p>Futs Nos bi\u00e8res Hillig (blonde) et Ebrel (rousse) sont disponibles a peu pr\u00e8s toute l&rsquo;ann\u00e9e et nous pouvons vous pr\u00eater une tireuse pour vos \u00e9v\u00e8nements. Les futs pour les particuliers sont \u00e0 85\u20ac le fut de 20L de blonde. 90\u20ac pour les autres. La location de la tireuse est offerte \u00e0 partir de 2 f\u00fbts &hellip; <\/p>\n<p class=\"link-more\"><a href=\"https:\/\/kerampont.com\/index.php\/services\/\" class=\"more-link\">Continuer la lecture<span class=\"screen-reader-text\"> de &laquo;&nbsp;SERVICES&nbsp;&raquo;<\/span><\/a><\/p>\n","protected":false},"author":1,"featured_media":0,"parent":0,"menu_order":0,"comment_status":"closed","ping_status":"closed","template":"","meta":[],"_links":{"self":[{"href":"https:\/\/kerampont.com\/index.php\/wp-json\/wp\/v2\/pages\/528"}],"collection":[{"href":"https:\/\/kerampont.com\/index.php\/wp-json\/wp\/v2\/pages"}],"about":[{"href":"https:\/\/kerampont.com\/index.php\/wp-json\/wp\/v2\/types\/page"}],"author":[{"embeddable":true,"href":"https:\/\/kerampont.com\/index.php\/wp-json\/wp\/v2\/users\/1"}],"replies":[{"embeddable":true,"href":"https:\/\/kerampont.com\/index.php\/wp-json\/wp\/v2\/comments?post=528"}],"version-history":[{"count":37,"href":"https:\/\/kerampont.com\/index.php\/wp-json\/wp\/v2\/pages\/528\/revisions"}],"predecessor-version":[{"id":1011,"href":"https:\/\/kerampont.com\/index.php\/wp-json\/wp\/v2\/pages\/528\/revisions\/1011"}],"wp:attachment":[{"href":"https:\/\/kerampont.com\/index.php\/wp-json\/wp\/v2\/media?parent=528"}],"curies":[{"name":"wp","href":"https:\/\/api.w.org\/{rel}","templated":true}]}}