{"id":224,"date":"2017-05-20T21:51:40","date_gmt":"2017-05-20T19:51:40","guid":{"rendered":"http:\/\/kerampont.com\/?page_id=224"},"modified":"2022-02-28T11:57:25","modified_gmt":"2022-02-28T10:57:25","slug":"mentions-legales","status":"publish","type":"page","link":"https:\/\/kerampont.com\/index.php\/mentions-legales\/","title":{"rendered":"mentions l\u00e9gales"},"content":{"rendered":"<p>\u00a9\u00a0Brasserie Kerampont\u00a0SAS. Tous droits r\u00e9serv\u00e9s.<\/p>\n<div id=\"c56\" class=\"csc-default\">\n<p>La Brasserie Kerampont est une SASU au capital social de 3000\u20ac, immatricul\u00e9e B 813 329 661 au RCS de Saint Brieuc. Son num\u00e9ro de TVA Intracom est FR70813329661 et son num\u00e9ro de SIRET est le 81332966100017. L&rsquo;entreprise a son si\u00e8ge social, ainsi que son unit\u00e9 de production, au 2 hent coz montroulez, 22300 Lannion.<\/p>\n<p><strong>Conception<\/strong> du site : Brasserie Kerampont.\u00a0 Responsable de la R\u00e9daction : GENDRE Guillaume.<\/p>\n<p><strong>H\u00e9bergeur \u00a0<\/strong>OVH SAS ;\u00a0 RCS Lille M\u00e9tropole 424 761 419 00045 ;\u00a0\u00a0 2 rue Kellermann &#8211; 59100 Roubaix &#8211; France<\/p>\n<p>L\u2019ensemble de ce site rel\u00e8ve de la l\u00e9gislation fran\u00e7aise et internationale sur le droit d\u2019auteur et la propri\u00e9t\u00e9 intellectuelle. Tous les droits de reproduction sont r\u00e9serv\u00e9s, y compris pour les documents t\u00e9l\u00e9chargeables et les repr\u00e9sentations iconographiques et photographiques. La reproduction de tout ou partie de ce site sur un support \u00e9lectronique quel qu\u2019il soit est formellement interdite, sauf autorisation expresse du responsable de la r\u00e9daction.<\/p>\n<p>La reproduction, la repr\u00e9sentation ou l\u2019exploitation de tout ou partie des \u00e9l\u00e9ments composant ce site web sont strictement interdites.<\/p>\n<p class=\"bodytext\">Les informations diffus\u00e9es n&rsquo;engagent pas la responsabilit\u00e9 de la Brasserie Kerampont. Nous nous effor\u00e7ons de les tenir \u00e0 jour et exactes.<\/p>\n<p>Photos de haut de pages prise par Katell Pierre \u00a0Michel Collobert<\/p>\n<\/div>\n","protected":false},"excerpt":{"rendered":"<p>\u00a9\u00a0Brasserie Kerampont\u00a0SAS. Tous droits r\u00e9serv\u00e9s. La Brasserie Kerampont est une SASU au capital social de 3000\u20ac, immatricul\u00e9e B 813 329 661 au RCS de Saint Brieuc. Son num\u00e9ro de TVA Intracom est FR70813329661 et son num\u00e9ro de SIRET est le 81332966100017. L&rsquo;entreprise a son si\u00e8ge social, ainsi que son unit\u00e9 de production, au 2 hent &hellip; <\/p>\n<p class=\"link-more\"><a href=\"https:\/\/kerampont.com\/index.php\/mentions-legales\/\" class=\"more-link\">Continuer la lecture<span class=\"screen-reader-text\"> de &laquo;&nbsp;mentions l\u00e9gales&nbsp;&raquo;<\/span><\/a><\/p>\n","protected":false},"author":1,"featured_media":0,"parent":0,"menu_order":0,"comment_status":"closed","ping_status":"closed","template":"","meta":[],"_links":{"self":[{"href":"https:\/\/kerampont.com\/index.php\/wp-json\/wp\/v2\/pages\/224"}],"collection":[{"href":"https:\/\/kerampont.com\/index.php\/wp-json\/wp\/v2\/pages"}],"about":[{"href":"https:\/\/kerampont.com\/index.php\/wp-json\/wp\/v2\/types\/page"}],"author":[{"embeddable":true,"href":"https:\/\/kerampont.com\/index.php\/wp-json\/wp\/v2\/users\/1"}],"replies":[{"embeddable":true,"href":"https:\/\/kerampont.com\/index.php\/wp-json\/wp\/v2\/comments?post=224"}],"version-history":[{"count":4,"href":"https:\/\/kerampont.com\/index.php\/wp-json\/wp\/v2\/pages\/224\/revisions"}],"predecessor-version":[{"id":599,"href":"https:\/\/kerampont.com\/index.php\/wp-json\/wp\/v2\/pages\/224\/revisions\/599"}],"wp:attachment":[{"href":"https:\/\/kerampont.com\/index.php\/wp-json\/wp\/v2\/media?parent=224"}],"curies":[{"name":"wp","href":"https:\/\/api.w.org\/{rel}","templated":true}]}}