{"id":19,"date":"2017-03-27T19:24:41","date_gmt":"2017-03-27T17:24:41","guid":{"rendered":"http:\/\/kerampont.com\/?page_id=19"},"modified":"2024-09-09T09:53:24","modified_gmt":"2024-09-09T07:53:24","slug":"contact","status":"publish","type":"page","link":"https:\/\/kerampont.com\/index.php\/contact\/","title":{"rendered":"NOUS RETROUVER"},"content":{"rendered":"<div class=\"textwidget\">\n<p><strong>Adresse<\/strong><br \/>\n2 hent kozh Montroulez<br \/>\n22300, Lannion<\/p>\n<p><strong>T\u00e9l\u00e9phone<br \/>\n<\/strong><span style=\"font-size: 1rem;\">Guillaume ou Charly : 06 79 26 63 48<\/span><\/p>\n<p><strong>Mail<\/strong><br \/>\nbrasseriekerampont[at]gmail.com<\/p>\n<p><strong>Inscrivez-vous \u00e0 notre newsletter pour suivre notre actualit\u00e9<\/strong><\/p>\n<div id=\"mc_embed_signup\">\n<form id=\"mc-embedded-subscribe-form\" class=\"validate\" action=\"https:\/\/kerampont.us4.list-manage.com\/subscribe\/post?u=262bda7575e25a80c4ae55d79&amp;id=7f29a9cade\" method=\"post\" name=\"mc-embedded-subscribe-form\" novalidate=\"\" target=\"_blank\">\n<div id=\"mc_embed_signup_scroll\">\n<p><input id=\"mce-EMAIL\" class=\"email\" name=\"EMAIL\" required=\"\" type=\"email\" value=\"\" placeholder=\"Votre email\" \/><br \/>\n<!-- real people should not fill this in and expect good things - do not remove this or risk form bot signups--><\/p>\n<div style=\"position: absolute; left: -5000px;\" aria-hidden=\"true\"><input tabindex=\"-1\" name=\"b_262bda7575e25a80c4ae55d79_7f29a9cade\" type=\"text\" value=\"\" \/><\/div>\n<div class=\"clear\"><input id=\"mc-embedded-subscribe\" class=\"button\" name=\"subscribe\" type=\"submit\" value=\"M'inscrire\" \/><\/div>\n<\/div>\n<\/form>\n<\/div>\n<p><!--End mc_embed_signup--><\/p>\n<p><strong>Ou suivez-nous sur <a href=\"https:\/\/www.facebook.com\/Brasseriekerampont\/\" target=\"_blank\" rel=\"noopener\">notre page Facebook<\/a>.<\/strong><\/p>\n<p>N&rsquo;h\u00e9sitez pas \u00e0 venir vous fournir directement \u00e0 la brasserie sur nos cr\u00e9neaux d&rsquo;ouverture ! L&rsquo;occasion de vous pr\u00e9senter nos nouveaut\u00e9s en direct.<\/p>\n<p>Sinon, retrouvez nos bi\u00e8res dans les magasins bio, les restaurants et les caves qui nous distribuent :<\/p>\n<p><iframe loading=\"lazy\" src=\"https:\/\/www.google.com\/maps\/d\/u\/4\/embed?mid=1VGKgST2rGms6lPe5goyAFIUDViZwQ5gQ&amp;zoom=13\" width=\"640\" height=\"480\" data-mce-fragment=\"1\"><\/iframe><\/p>\n<\/div>\n","protected":false},"excerpt":{"rendered":"<p>Adresse 2 hent kozh Montroulez 22300, Lannion T\u00e9l\u00e9phone Guillaume ou Charly : 06 79 26 63 48 Mail brasseriekerampont[at]gmail.com Inscrivez-vous \u00e0 notre newsletter pour suivre notre actualit\u00e9 Ou suivez-nous sur notre page Facebook. N&rsquo;h\u00e9sitez pas \u00e0 venir vous fournir directement \u00e0 la brasserie sur nos cr\u00e9neaux d&rsquo;ouverture ! L&rsquo;occasion de vous pr\u00e9senter nos nouveaut\u00e9s en &hellip; <\/p>\n<p class=\"link-more\"><a href=\"https:\/\/kerampont.com\/index.php\/contact\/\" class=\"more-link\">Continuer la lecture<span class=\"screen-reader-text\"> de &laquo;&nbsp;NOUS RETROUVER&nbsp;&raquo;<\/span><\/a><\/p>\n","protected":false},"author":1,"featured_media":0,"parent":0,"menu_order":0,"comment_status":"closed","ping_status":"closed","template":"","meta":[],"_links":{"self":[{"href":"https:\/\/kerampont.com\/index.php\/wp-json\/wp\/v2\/pages\/19"}],"collection":[{"href":"https:\/\/kerampont.com\/index.php\/wp-json\/wp\/v2\/pages"}],"about":[{"href":"https:\/\/kerampont.com\/index.php\/wp-json\/wp\/v2\/types\/page"}],"author":[{"embeddable":true,"href":"https:\/\/kerampont.com\/index.php\/wp-json\/wp\/v2\/users\/1"}],"replies":[{"embeddable":true,"href":"https:\/\/kerampont.com\/index.php\/wp-json\/wp\/v2\/comments?post=19"}],"version-history":[{"count":18,"href":"https:\/\/kerampont.com\/index.php\/wp-json\/wp\/v2\/pages\/19\/revisions"}],"predecessor-version":[{"id":896,"href":"https:\/\/kerampont.com\/index.php\/wp-json\/wp\/v2\/pages\/19\/revisions\/896"}],"wp:attachment":[{"href":"https:\/\/kerampont.com\/index.php\/wp-json\/wp\/v2\/media?parent=19"}],"curies":[{"name":"wp","href":"https:\/\/api.w.org\/{rel}","templated":true}]}}