{"id":17,"date":"2017-03-27T19:24:41","date_gmt":"2017-03-27T17:24:41","guid":{"rendered":"http:\/\/kerampont.com\/?page_id=17"},"modified":"2026-04-21T16:12:27","modified_gmt":"2026-04-21T14:12:27","slug":"accueil","status":"publish","type":"page","link":"https:\/\/kerampont.com\/","title":{"rendered":"Bienvenue \u00e0 la Brasserie Kerampont"},"content":{"rendered":"\n<h2>Bienvenue \u00e0 la Brasserie Kerampont<\/h2>\n\n\n\n<p>Brasserie artisanale en bio depuis ses d\u00e9buts en 2015 \u00e0 Lannion (22), la BK est \u00e9galement un bar avec concerts et animations culturelles le mardi soir et jeudi soir et propose de la vente directe le vendredi soir.<\/p>\n\n\n\n<h3><strong>Horaires d&rsquo;ouverture<\/strong><\/h3>\n\n\n\n<p>La brasserie est ouverte au public :<\/p>\n\n\n\n<ul><li><strong>le mardi et le jeudi de 18h \u00e0 22h <\/strong>en vente directe, bar et restauration avec <a href=\"https:\/\/kerampont.com\/index.php\/evenements\/\">toutes nos animations<\/a>!<\/li><li><strong>le vendredi de 17h \u00e0 19h <\/strong>en vente directe et bar.<\/li><li>des <strong>visites guid\u00e9es 1h\/6\u20ac<\/strong> sont organis\u00e9es le mardi \u00e0 17h <strong>sur r\u00e9servation<\/strong> pendant les vacances scolaires <a href=\"https:\/\/www.bretagne-cotedegranitrose.com\/mon-sejour\/visites-et-decouvertes\/les-visites-dentreprises\/brasserie-artisanale-de-kerampont\/\">via l&rsquo;office de tourisme ici<\/a><\/li><\/ul>\n\n\n\n<p>Le vendredi soir, nous faisons d\u00e9p\u00f4t pour les<a rel=\"noreferrer noopener\" href=\"http:\/\/www.lespaniersdubocage.com\/\" target=\"_blank\"><strong> Paniers du bocage <\/strong><\/a>, un groupement de paysans&nbsp;et de producteurs artisanaux du Tr\u00e9gor, qui distribue en circuit court produits laitiers, fromages, viande, oeufs, l\u00e9gumes, miel, pain, cr\u00eapes, boissons, tisanes, \u00e9picerie. Venez chercher vos paniers \u00e0 la Brasserie Kerampont!<\/p>\n\n\n\n<h3><strong>Nos valeurs<\/strong><\/h3>\n\n\n\n<p>Toutes nos c\u00e9r\u00e9ales et houblons sont bio et bretons ! Notre houblon pousse \u00e0 moins de 30km de la brasserie gr\u00e2ce \u00e0 la \u00ab\u00a0<a href=\"https:\/\/www.houblonbreton.com\/\">Houblonni\u00e8re de Lezerzot<\/a>\u00a0\u00bb qui nous fournit \u00e0 100% depuis 2 ans. Nos malts viennent de <a href=\"https:\/\/www.yechedmalt.bzh\/\">Yec&rsquo;hed Malt<\/a> install\u00e9 \u00e0 St-Av\u00e9 (56).<\/p>\n\n\n\n<p>Anim\u00e9s d&rsquo;une vraie d\u00e9marche \u00e9cologique, nous r\u00e9duisons nos d\u00e9chets, \u00e9conomisons l&rsquo;eau et l&rsquo;\u00e9lectricit\u00e9 pour laquelle nous sommes chez Enercoop.<\/p>\n\n\n\n<p>Nous promouvons les circuits courts ainsi que la consigne (toutes nos bi\u00e8res sont consign\u00e9es).<\/p>\n\n\n\n<p>Nous sommes fiers de participer \u00e0 la promotion d&rsquo;une agriculture et d&rsquo;une industrie biologique et \u00e9cologique, qui respecte l&rsquo;homme et l&rsquo;environnement.<\/p>\n\n\n\n<div class=\"wp-container-4 wp-block-columns\">\n<div class=\"wp-container-1 wp-block-column\">\n<figure class=\"wp-block-image size-full\"><img loading=\"lazy\" width=\"189\" height=\"169\" src=\"http:\/\/kerampont.com\/wp-content\/uploads\/2017\/03\/logo-bio-europ-certipaq.jpg\" alt=\"\" class=\"wp-image-95\"\/><\/figure>\n<\/div>\n\n\n\n<div class=\"wp-container-2 wp-block-column\">\n<figure class=\"wp-block-image size-full\"><img loading=\"lazy\" width=\"229\" height=\"220\" src=\"http:\/\/kerampont.com\/wp-content\/uploads\/2017\/03\/Unknown-1.png\" alt=\"\" class=\"wp-image-609\"\/><\/figure>\n<\/div>\n\n\n\n<div class=\"wp-container-3 wp-block-column\">\n<figure class=\"wp-block-image size-full\"><img loading=\"lazy\" width=\"480\" height=\"480\" src=\"https:\/\/kerampont.com\/wp-content\/uploads\/2025\/05\/logoLez.jpg\" alt=\"\" class=\"wp-image-957\" srcset=\"https:\/\/kerampont.com\/wp-content\/uploads\/2025\/05\/logoLez.jpg 480w, https:\/\/kerampont.com\/wp-content\/uploads\/2025\/05\/logoLez-300x300.jpg 300w, https:\/\/kerampont.com\/wp-content\/uploads\/2025\/05\/logoLez-150x150.jpg 150w, https:\/\/kerampont.com\/wp-content\/uploads\/2025\/05\/logoLez-100x100.jpg 100w\" sizes=\"(max-width: 480px) 100vw, 480px\" \/><\/figure>\n<\/div>\n<\/div>\n\n\n\n<p>Nous soutenons et faisons partie du <a href=\"https:\/\/www.brasseurs-independants.fr\/adherer\/\" target=\"_blank\" rel=\"noopener\">Syndicat National des Brasseurs Ind\u00e9pendants<\/a>, toutes nos bi\u00e8res sont brass\u00e9es \u00e0 la brasserie, sans interm\u00e9diaire ni sous-traitance.<\/p>\n\n\n\n<p>Dans une d\u00e9marche de r\u00e9duction des d\u00e9chets, nos dr\u00eaches (malt cuit, dont on a extrait les sucres, principal r\u00e9sidu du brassage) sont r\u00e9cup\u00e9r\u00e9s comme aliments pour un \u00e9levage d&rsquo;une ferme biologique proche.<\/p>\n","protected":false},"excerpt":{"rendered":"<p>Bienvenue \u00e0 la Brasserie Kerampont Brasserie artisanale en bio depuis ses d\u00e9buts en 2015 \u00e0 Lannion (22), la BK est \u00e9galement un bar avec concerts et animations culturelles le mardi soir et jeudi soir et propose de la vente directe le vendredi soir. Horaires d&rsquo;ouverture La brasserie est ouverte au public : le mardi et &hellip; <\/p>\n<p class=\"link-more\"><a href=\"https:\/\/kerampont.com\/\" class=\"more-link\">Continuer la lecture<span class=\"screen-reader-text\"> de &laquo;&nbsp;Bienvenue \u00e0 la Brasserie Kerampont&nbsp;&raquo;<\/span><\/a><\/p>\n","protected":false},"author":1,"featured_media":0,"parent":0,"menu_order":0,"comment_status":"closed","ping_status":"closed","template":"","meta":[],"_links":{"self":[{"href":"https:\/\/kerampont.com\/index.php\/wp-json\/wp\/v2\/pages\/17"}],"collection":[{"href":"https:\/\/kerampont.com\/index.php\/wp-json\/wp\/v2\/pages"}],"about":[{"href":"https:\/\/kerampont.com\/index.php\/wp-json\/wp\/v2\/types\/page"}],"author":[{"embeddable":true,"href":"https:\/\/kerampont.com\/index.php\/wp-json\/wp\/v2\/users\/1"}],"replies":[{"embeddable":true,"href":"https:\/\/kerampont.com\/index.php\/wp-json\/wp\/v2\/comments?post=17"}],"version-history":[{"count":56,"href":"https:\/\/kerampont.com\/index.php\/wp-json\/wp\/v2\/pages\/17\/revisions"}],"predecessor-version":[{"id":1039,"href":"https:\/\/kerampont.com\/index.php\/wp-json\/wp\/v2\/pages\/17\/revisions\/1039"}],"wp:attachment":[{"href":"https:\/\/kerampont.com\/index.php\/wp-json\/wp\/v2\/media?parent=17"}],"curies":[{"name":"wp","href":"https:\/\/api.w.org\/{rel}","templated":true}]}}