{"id":108,"date":"2017-05-06T12:37:33","date_gmt":"2017-05-06T10:37:33","guid":{"rendered":"http:\/\/kerampont.com\/?page_id=108"},"modified":"2025-12-10T17:40:39","modified_gmt":"2025-12-10T16:40:39","slug":"gamme","status":"publish","type":"page","link":"https:\/\/kerampont.com\/index.php\/gamme\/","title":{"rendered":"GAMME"},"content":{"rendered":"\n<p>Nous avons d\u00e9sormais une gamme des bi\u00e8res \u00e0 <strong>3 bi\u00e8res permanentes : blonde, rousse et IPA.<\/strong><\/p>\n\n\n\n<p>Nos <strong>r\u00e9guli\u00e8res, tourb\u00e9e, blanche et brunes<\/strong> reviennent une fois par an. Des <strong>\u00e9ph\u00e9m\u00e8res<\/strong> sont \u00e9galement produites suivant l&rsquo;inspiration ou la saison ! Celles-ci, il y en aura pas pour tout le monde !<\/p>\n\n\n\n<h2><strong>Nos bi\u00e8res permanentes<\/strong><\/h2>\n\n\n\n<p>Disponibles toutes l&rsquo;ann\u00e9e en petit et grand format (33cl et 75cl)<\/p>\n\n\n\n<div class=\"wp-container-4 wp-block-columns\">\n<div class=\"wp-container-1 wp-block-column\">\n<h2>Hillig<\/h2>\n\n\n\n<figure class=\"wp-block-image size-large\"><img loading=\"lazy\" width=\"576\" height=\"1024\" src=\"http:\/\/kerampont.com\/wp-content\/uploads\/2025\/11\/hillig-2-576x1024.jpg\" alt=\"\" class=\"wp-image-988\" srcset=\"https:\/\/kerampont.com\/wp-content\/uploads\/2025\/11\/hillig-2-576x1024.jpg 576w, https:\/\/kerampont.com\/wp-content\/uploads\/2025\/11\/hillig-2-169x300.jpg 169w, https:\/\/kerampont.com\/wp-content\/uploads\/2025\/11\/hillig-2-768x1365.jpg 768w, https:\/\/kerampont.com\/wp-content\/uploads\/2025\/11\/hillig-2-864x1536.jpg 864w, https:\/\/kerampont.com\/wp-content\/uploads\/2025\/11\/hillig-2-1152x2048.jpg 1152w, https:\/\/kerampont.com\/wp-content\/uploads\/2025\/11\/hillig-2.jpg 1202w\" sizes=\"(max-width: 576px) 100vw, 576px\" \/><\/figure>\n\n\n\n<p>La <strong>Hillig<\/strong>, \u00ab\u00a0chatouilles\u00a0\u00bb en breton, est une bi\u00e8re blonde aux malts d&rsquo;orge et de bl\u00e9. <br>Peu d&rsquo;amertume.<br>5\u00b0 alc.<\/p>\n<\/div>\n\n\n\n<div class=\"wp-container-2 wp-block-column\">\n<h2>Ebrel<\/h2>\n\n\n\n<figure class=\"wp-block-image size-large\"><img loading=\"lazy\" width=\"576\" height=\"1024\" src=\"https:\/\/kerampont.com\/wp-content\/uploads\/2025\/11\/ebrel-2-576x1024.jpg\" alt=\"\" class=\"wp-image-990\" srcset=\"https:\/\/kerampont.com\/wp-content\/uploads\/2025\/11\/ebrel-2-576x1024.jpg 576w, https:\/\/kerampont.com\/wp-content\/uploads\/2025\/11\/ebrel-2-169x300.jpg 169w, https:\/\/kerampont.com\/wp-content\/uploads\/2025\/11\/ebrel-2-768x1365.jpg 768w, https:\/\/kerampont.com\/wp-content\/uploads\/2025\/11\/ebrel-2-864x1536.jpg 864w, https:\/\/kerampont.com\/wp-content\/uploads\/2025\/11\/ebrel-2.jpg 1043w\" sizes=\"(max-width: 576px) 100vw, 576px\" \/><\/figure>\n\n\n\n<p>La <strong>Ebrel <\/strong>est une bi\u00e8re rousse douce aux malts d\u2019orge et de sarrasin. <br>Peu d\u2019amertume.<br>4\u00b0 alc.<\/p>\n<\/div>\n\n\n\n<div class=\"wp-container-3 wp-block-column\">\n<h2>Biskoul<\/h2>\n\n\n\n<figure class=\"wp-block-image size-large\"><img loading=\"lazy\" width=\"575\" height=\"1024\" src=\"http:\/\/kerampont.com\/wp-content\/uploads\/2025\/11\/biskoul-575x1024.jpg\" alt=\"\" class=\"wp-image-985\" srcset=\"https:\/\/kerampont.com\/wp-content\/uploads\/2025\/11\/biskoul-575x1024.jpg 575w, https:\/\/kerampont.com\/wp-content\/uploads\/2025\/11\/biskoul-169x300.jpg 169w, https:\/\/kerampont.com\/wp-content\/uploads\/2025\/11\/biskoul-768x1367.jpg 768w, https:\/\/kerampont.com\/wp-content\/uploads\/2025\/11\/biskoul-863x1536.jpg 863w, https:\/\/kerampont.com\/wp-content\/uploads\/2025\/11\/biskoul.jpg 1099w\" sizes=\"(max-width: 575px) 100vw, 575px\" \/><\/figure>\n\n\n\n<p>La <strong>Biskoul<\/strong>, qui veut dire \u00ab\u00a0chenille\u00a0\u00bb en breton, est une blonde IPA, bien \u00e9quilibr\u00e9e entre amertume et ar\u00f4mes floraux.<br>6\u00b0 alc.<\/p>\n<\/div>\n<\/div>\n\n\n\n<h2> <strong>Nos bi\u00e8res r\u00e9guli\u00e8res<\/strong><\/h2>\n\n\n\n<div class=\"wp-container-8 wp-block-columns\">\n<div class=\"wp-container-5 wp-block-column\">\n<h2>Gwin Zegal<\/h2>\n\n\n\n<figure class=\"wp-block-image size-full\"><img loading=\"lazy\" width=\"678\" height=\"904\" src=\"https:\/\/kerampont.com\/wp-content\/uploads\/2025\/11\/gwin-zegal-2.jpeg\" alt=\"\" class=\"wp-image-993\" srcset=\"https:\/\/kerampont.com\/wp-content\/uploads\/2025\/11\/gwin-zegal-2.jpeg 678w, https:\/\/kerampont.com\/wp-content\/uploads\/2025\/11\/gwin-zegal-2-225x300.jpeg 225w\" sizes=\"(max-width: 678px) 100vw, 678px\" \/><\/figure>\n\n\n\n<p>La <strong>Gwin Zegal<\/strong>, le \u00ab\u00a0vin de seigle\u00a0\u00bb en breton, est une bi\u00e8re blanche<span class=\"Apple-converted-space\">&nbsp;<\/span>au seigle. De la vivacit\u00e9 et un corps l\u00e9ger.<\/p>\n\n\n\n<p>5\u00b0alc.<\/p>\n<\/div>\n\n\n\n<div class=\"wp-container-6 wp-block-column\">\n<h2>Beg Lager<\/h2>\n\n\n\n<figure class=\"wp-block-image size-large\"><img loading=\"lazy\" width=\"768\" height=\"1024\" src=\"https:\/\/kerampont.com\/wp-content\/uploads\/2025\/11\/beg-lager-768x1024.jpg\" alt=\"\" class=\"wp-image-994\" srcset=\"https:\/\/kerampont.com\/wp-content\/uploads\/2025\/11\/beg-lager-768x1024.jpg 768w, https:\/\/kerampont.com\/wp-content\/uploads\/2025\/11\/beg-lager-225x300.jpg 225w, https:\/\/kerampont.com\/wp-content\/uploads\/2025\/11\/beg-lager-1152x1536.jpg 1152w, https:\/\/kerampont.com\/wp-content\/uploads\/2025\/11\/beg-lager.jpg 1200w\" sizes=\"(max-width: 767px) 89vw, (max-width: 1000px) 54vw, (max-width: 1071px) 543px, 580px\" \/><\/figure>\n\n\n\n<p>La <strong>Beg Lager<\/strong>, est une blonde de fermentation basse, une \u00ab\u00a0lager\u00a0\u00bb, au malt \u00e0 whisky tourb\u00e9, offrant des saveurs l\u00e9g\u00e8rement fum\u00e9es en fin de bouche. Un clin d&rsquo;oeil \u00e9galement \u00e0 la magnifique pointe de Beg Leguer.<\/p>\n\n\n\n<p>5\u00b0 alc.<\/p>\n<\/div>\n\n\n\n<div class=\"wp-container-7 wp-block-column\">\n<h2>Kurun<\/h2>\n\n\n\n<figure class=\"wp-block-image size-large\"><img loading=\"lazy\" width=\"766\" height=\"1024\" src=\"https:\/\/kerampont.com\/wp-content\/uploads\/2025\/11\/kurun-2-766x1024.jpg\" alt=\"\" class=\"wp-image-995\" srcset=\"https:\/\/kerampont.com\/wp-content\/uploads\/2025\/11\/kurun-2-766x1024.jpg 766w, https:\/\/kerampont.com\/wp-content\/uploads\/2025\/11\/kurun-2-224x300.jpg 224w, https:\/\/kerampont.com\/wp-content\/uploads\/2025\/11\/kurun-2-768x1027.jpg 768w, https:\/\/kerampont.com\/wp-content\/uploads\/2025\/11\/kurun-2-1149x1536.jpg 1149w, https:\/\/kerampont.com\/wp-content\/uploads\/2025\/11\/kurun-2.jpg 1383w\" sizes=\"(max-width: 706px) 89vw, (max-width: 767px) 82vw, 740px\" \/><\/figure>\n\n\n\n<p>La <strong>Kurun<\/strong>, \u00ab\u00a0le tonnerre\u00a0\u00bb en breton, est une bi\u00e8re brune au sarazin, ronde en bouche, facile \u00e0 boire et jouant sur de longues notes toast\u00e9es.<\/p>\n\n\n\n<p>5\u00b0 alc.&nbsp;<\/p>\n<\/div>\n<\/div>\n\n\n\n<h2><strong>Notre \u00e9ph\u00e9m\u00e8re du moment <\/strong><\/h2>\n\n\n\n<div class=\"wp-container-11 wp-block-columns\">\n<div class=\"wp-container-9 wp-block-column\" style=\"flex-basis:50%\">\n<figure class=\"wp-block-image size-full is-resized\"><img loading=\"lazy\" src=\"https:\/\/kerampont.com\/wp-content\/uploads\/2025\/11\/houad.jpg\" alt=\"\" class=\"wp-image-984\" width=\"324\" height=\"260\"\/><\/figure>\n<\/div>\n\n\n\n<div class=\"wp-container-10 wp-block-column\" style=\"flex-basis:50%\">\n<p>La \u00ab\u00a0Houad The Duck\u00a0\u00bb est black IPA : une bi\u00e8re noire aux accents torr\u00e9fi\u00e9s francs, rafra\u00eechis par un houblon bien pr\u00e9sent. Orge grill\u00e9 et sarrasin.<\/p>\n\n\n\n<p><em>\u00ab\u00a0Une bi\u00e8re noire et houblonn\u00e9e qui se veut comme un big up \u00e0 tous les volatiles ! Qu&rsquo;ils soient du coin (coin) ou d&rsquo;ailleurs, on les aime tous. D&rsquo;ailleurs \u00e9vitez de les nourrir avec du pain, c&rsquo;est toxique !\u00a0\u00bb<\/em><br>5\u00b0 alc.<\/p>\n<\/div>\n<\/div>\n\n\n\n<h2><strong>Nos spiritueux<\/strong><\/h2>\n\n\n\n<div class=\"wp-container-14 wp-block-columns\">\n<div class=\"wp-container-12 wp-block-column\" style=\"flex-basis:33.33%\">\n<figure class=\"wp-block-image size-large\"><img loading=\"lazy\" width=\"768\" height=\"1024\" src=\"http:\/\/kerampont.com\/wp-content\/uploads\/2025\/12\/IMG_4242-768x1024.jpeg\" alt=\"\" class=\"wp-image-1002\" srcset=\"https:\/\/kerampont.com\/wp-content\/uploads\/2025\/12\/IMG_4242-768x1024.jpeg 768w, https:\/\/kerampont.com\/wp-content\/uploads\/2025\/12\/IMG_4242-225x300.jpeg 225w, https:\/\/kerampont.com\/wp-content\/uploads\/2025\/12\/IMG_4242-1152x1536.jpeg 1152w, https:\/\/kerampont.com\/wp-content\/uploads\/2025\/12\/IMG_4242-1536x2048.jpeg 1536w, https:\/\/kerampont.com\/wp-content\/uploads\/2025\/12\/IMG_4242-scaled.jpeg 1920w\" sizes=\"(max-width: 767px) 89vw, (max-width: 1000px) 54vw, (max-width: 1071px) 543px, 580px\" \/><\/figure>\n<\/div>\n\n\n\n<div class=\"wp-container-13 wp-block-column\" style=\"flex-basis:66.66%\">\n<p><strong>Houpez Vraz<\/strong> est une eau de vie de bi\u00e8re au houblon. Une distillation de nos bi\u00e8res, dans laquelle nous infusons des houblons de Lezerzot,  puis distill\u00e9e \u00e0 nouveaux pour une robe uniforme et des aromes intenses. Une eau de vie claire, robuste, aux notes de houblon bien pr\u00e9sentes.<\/p>\n\n\n\n<p>Bi\u00e8res et houblons bio. Eau de vie \u00e0 40\u00b0alc.<\/p>\n\n\n\n<p>La distillation est r\u00e9alis\u00e9e par la distillerie Ar Roc\u2019h \u00e0 la Roche Jaudy.<\/p>\n\n\n\n<p>Etiquette : Eglantine Tri.<\/p>\n<\/div>\n<\/div>\n","protected":false},"excerpt":{"rendered":"<p>Nous avons d\u00e9sormais une gamme des bi\u00e8res \u00e0 3 bi\u00e8res permanentes : blonde, rousse et IPA. Nos r\u00e9guli\u00e8res, tourb\u00e9e, blanche et brunes reviennent une fois par an. Des \u00e9ph\u00e9m\u00e8res sont \u00e9galement produites suivant l&rsquo;inspiration ou la saison ! Celles-ci, il y en aura pas pour tout le monde ! Nos bi\u00e8res permanentes Disponibles toutes l&rsquo;ann\u00e9e &hellip; <\/p>\n<p class=\"link-more\"><a href=\"https:\/\/kerampont.com\/index.php\/gamme\/\" class=\"more-link\">Continuer la lecture<span class=\"screen-reader-text\"> de &laquo;&nbsp;GAMME&nbsp;&raquo;<\/span><\/a><\/p>\n","protected":false},"author":1,"featured_media":0,"parent":0,"menu_order":0,"comment_status":"closed","ping_status":"closed","template":"","meta":[],"_links":{"self":[{"href":"https:\/\/kerampont.com\/index.php\/wp-json\/wp\/v2\/pages\/108"}],"collection":[{"href":"https:\/\/kerampont.com\/index.php\/wp-json\/wp\/v2\/pages"}],"about":[{"href":"https:\/\/kerampont.com\/index.php\/wp-json\/wp\/v2\/types\/page"}],"author":[{"embeddable":true,"href":"https:\/\/kerampont.com\/index.php\/wp-json\/wp\/v2\/users\/1"}],"replies":[{"embeddable":true,"href":"https:\/\/kerampont.com\/index.php\/wp-json\/wp\/v2\/comments?post=108"}],"version-history":[{"count":80,"href":"https:\/\/kerampont.com\/index.php\/wp-json\/wp\/v2\/pages\/108\/revisions"}],"predecessor-version":[{"id":1006,"href":"https:\/\/kerampont.com\/index.php\/wp-json\/wp\/v2\/pages\/108\/revisions\/1006"}],"wp:attachment":[{"href":"https:\/\/kerampont.com\/index.php\/wp-json\/wp\/v2\/media?parent=108"}],"curies":[{"name":"wp","href":"https:\/\/api.w.org\/{rel}","templated":true}]}}